{"id":295,"date":"2025-06-12T11:19:08","date_gmt":"2025-06-12T09:19:08","guid":{"rendered":"https:\/\/www.arbres-damours-et-dalchimie.fr\/blog\/"},"modified":"2025-06-30T16:22:44","modified_gmt":"2025-06-30T14:22:44","slug":"blog","status":"publish","type":"page","link":"https:\/\/www.arbres-damours-et-dalchimie.fr\/en\/blog\/","title":{"rendered":"Blog"},"content":{"rendered":"\n<style type=\"text\/css\" data-created_by=\"avia_inline_auto\" id=\"style-css-av-1yal1-6209e796bb28a1ecf2c6678d0a53b20f\">\n.avia-section.av-1yal1-6209e796bb28a1ecf2c6678d0a53b20f{\nbackground-repeat:no-repeat;\nbackground-image:url(https:\/\/www.arbres-damours-et-dalchimie.fr\/wp-content\/uploads\/2025\/06\/sunset-5928907_1920.jpg);\nbackground-position:50% 50%;\nbackground-attachment:fixed;\n}\n<\/style>\n<div id='av_section_1'  class='avia-section av-1yal1-6209e796bb28a1ecf2c6678d0a53b20f main_color avia-section-default avia-no-border-styling  avia-builder-el-0  avia-builder-el-no-sibling  avia-full-stretch avia-bg-style-fixed av-minimum-height av-minimum-height-100 av-height-100  container_wrap fullsize'  data-section-bg-repeat='stretch' data-av_minimum_height_pc='100' data-av_min_height_opt='100'><div class='container av-section-cont-open' ><main  role=\"main\" itemprop=\"mainContentOfPage\"  class='template-page content  av-content-full alpha units'><div class='post-entry post-entry-type-page post-entry-295'><div class='entry-content-wrapper clearfix'>\n\n<style type=\"text\/css\" data-created_by=\"avia_inline_auto\" id=\"style-css-av-1b2ml-0e73b58d801ec0b66b51745d27cdfa41\">\n.flex_column.av-1b2ml-0e73b58d801ec0b66b51745d27cdfa41{\npadding:15px 15px 15px 15px;\nbackground-color:#9d3033;\nbackground:linear-gradient( to right, #9d3033, #f87273, rgba(248,114,115,0.01) );\n}\n<\/style>\n<div  class='flex_column av-1b2ml-0e73b58d801ec0b66b51745d27cdfa41 av_one_full  avia-builder-el-1  el_before_av_one_full  avia-builder-el-first  first flex_column_div  '     ><style type=\"text\/css\" data-created_by=\"avia_inline_auto\" id=\"style-css-av-mc980nzq-cf8545699560923f7f52eec83e49b2b3\">\n#top .av-special-heading.av-mc980nzq-cf8545699560923f7f52eec83e49b2b3{\npadding-bottom:0;\ncolor:#ffffff;\nfont-size:30px;\n}\nbody .av-special-heading.av-mc980nzq-cf8545699560923f7f52eec83e49b2b3 .av-special-heading-tag .heading-char{\nfont-size:25px;\n}\n#top #wrap_all .av-special-heading.av-mc980nzq-cf8545699560923f7f52eec83e49b2b3 .av-special-heading-tag{\nfont-size:30px;\n}\n.av-special-heading.av-mc980nzq-cf8545699560923f7f52eec83e49b2b3 .special-heading-inner-border{\nborder-color:#ffffff;\n}\n.av-special-heading.av-mc980nzq-cf8545699560923f7f52eec83e49b2b3 .av-subheading{\nfont-size:15px;\n}\n\n@media only screen and (min-width: 480px) and (max-width: 767px){ \n#top #wrap_all .av-special-heading.av-mc980nzq-cf8545699560923f7f52eec83e49b2b3 .av-special-heading-tag{\nfont-size:0.8em;\n}\n}\n\n@media only screen and (max-width: 479px){ \n#top #wrap_all .av-special-heading.av-mc980nzq-cf8545699560923f7f52eec83e49b2b3 .av-special-heading-tag{\nfont-size:0.8em;\n}\n}\n<\/style>\n<div  class='av-special-heading av-mc980nzq-cf8545699560923f7f52eec83e49b2b3 av-special-heading-h1 custom-color-heading blockquote modern-quote  avia-builder-el-2  avia-builder-el-no-sibling  av-inherit-size'><h1 class='av-special-heading-tag '  itemprop=\"headline\"  >Blog<\/h1><div class=\"special-heading-border\"><div class=\"special-heading-inner-border\"><\/div><\/div><\/div><\/div><div class='flex_column_table av-10641-964a5415cd6955993b7378a6815786d4 sc-av_one_full av-equal-height-column-flextable'>\n<style type=\"text\/css\" data-created_by=\"avia_inline_auto\" id=\"style-css-av-10641-964a5415cd6955993b7378a6815786d4\">\n@keyframes av_boxShadowEffect_av-10641-964a5415cd6955993b7378a6815786d4-column {\n0%   { box-shadow:  0 0 0 0 #ffffff; opacity: 1; }\n100% { box-shadow:  0 0 10px 0 #ffffff; opacity: 1; }\n}\n.flex_column.av-10641-964a5415cd6955993b7378a6815786d4{\nwidth:100%;\nmargin-left:0;\nbox-shadow: 0 0 10px 0 #ffffff;\nborder-width:1px;\nborder-color:#ffffff;\nborder-style:solid;\nborder-radius:10px 10px 10px 10px;\npadding:15px 15px 15px 15px;\nbackground-color:rgba(255,255,255,0.8);\n}\n#top .flex_column_table.av-equal-height-column-flextable.av-10641-964a5415cd6955993b7378a6815786d4 .av-flex-placeholder{\nwidth:0%;\n}\n<\/style>\n<div  class='flex_column av-10641-964a5415cd6955993b7378a6815786d4 av_one_full  avia-builder-el-3  el_after_av_one_full  avia-builder-el-last  first flex_column_table_cell av-equal-height-column av-align-top shadow-not-animated  column-top-margin'     ><div id='av-masonry-1' class='av-masonry av-mc981rwg-20a40f2dac2eeb864ed67b7b7d87a225 noHover av-fixed-size av-large-gap av-hover-overlay-active av-masonry-animation-active av-masonry-col-2 av-caption-always av-caption-style- av-masonry-entries ' data-post_id=\"295\"><div class=\"av-masonry-container isotope av-js-disabled\"><div class='av-masonry-entry isotope-item av-masonry-item-no-image '><\/div><a href=\"https:\/\/www.arbres-damours-et-dalchimie.fr\/en\/le-tarot-des-croix-du-sud-quand-le-symbole-parle-aux-lignees\/\"  id='av-masonry-1-item-1369' data-av-masonry-item='1369' class='av-masonry-entry isotope-item post-1369 post type-post status-publish format-standard has-post-thumbnail hentry category-uncategorized  av-masonry-item-with-image av-grid-img' title=\"Le-tarot-des-Croix-du-Sud-Coffret-Le-livre-le-jeu-de-22-cartes-un-pendentif\"   itemscope=\"itemscope\" itemtype=\"https:\/\/schema.org\/CreativeWork\" ><div class='av-inner-masonry-sizer'><\/div><figure class='av-inner-masonry main_color'><div class=\"av-masonry-outerimage-container\"><div class='av-masonry-image-container' style=\"background-image: url(https:\/\/www.arbres-damours-et-dalchimie.fr\/wp-content\/uploads\/2025\/12\/Le-tarot-des-Croix-du-Sud-Coffret-Le-livre-le-jeu-de-22-cartes-un-pendentif.jpg);\"  title=\"Le-tarot-des-Croix-du-Sud-Coffret-Le-livre-le-jeu-de-22-cartes-un-pendentif\" ><\/div><\/div><figcaption class='av-inner-masonry-content site-background'><div class='av-inner-masonry-content-pos'><div class='av-inner-masonry-content-pos-content'><div class='avia-arrow'><\/div><h3 class='av-masonry-entry-title entry-title '  itemprop=\"headline\" >Le Tarot des Croix du Sud : quand le symbole parle aux lign\u00e9es<\/h3><div class='av-masonry-entry-content entry-content'  itemprop=\"text\" >Il arrive qu\u2019un outil touche juste\u2026 sans bruit.<br \/>\r\nQu\u2019il ouvre une porte l\u00e0 o\u00f9 les mots n\u2019avaient plus prise.<br \/>\r\nQu\u2019il r\u00e9veille en nous une m\u00e9moire ancienne, plus vaste que notre histoire personnelle.<br \/>\r\n<br \/>\r\nLe Tarot des Croix du Sud fait partie de ces compagnons rares : on ne le lit pas, on le traverse. Chaque arcane devient un passage, un chemin symbolique o\u00f9 le c\u0153ur, le corps et cette part archa\u00efque de nous-m\u00eames savent avant le mental.<br \/>\r\nInspir\u00e9 par les croix touar\u00e8gues, ce tarot relie hospitalit\u00e9, travers\u00e9e, vie int\u00e9rieure et reconnaissance. Il invite \u00e0 marcher avec ce qui nous pr\u00e9c\u00e8de, \u00e0 honorer nos origines et \u00e0 choisir notre libert\u00e9 int\u00e9rieure.<br \/>\r\nPour celles et ceux qui travaillent avec les m\u00e9moires familiales et la psychog\u00e9n\u00e9alogie, il offre un langage qui r\u00e9v\u00e8le sans argumenter, une invitation \u00e0 la r\u00e9conciliation avec nos lign\u00e9es.<\/div><span class='av-masonry-date meta-color updated'>20 February 2026<\/span><span class=\"av-masonry-text-sep text-sep-author\">\/<\/span><span class='av-masonry-author meta-color author'><span class='fn'>by dominique-mathey<\/span><\/span><\/div><\/div><\/figcaption><\/figure><\/a><!--end av-masonry entry--><a href=\"https:\/\/www.arbres-damours-et-dalchimie.fr\/en\/greetings-from-my-snowy-and-sunny-village\/\"  id='av-masonry-1-item-1320' data-av-masonry-item='1320' class='av-masonry-entry isotope-item post-1320 post type-post status-publish format-standard has-post-thumbnail hentry category-uncategorized  av-masonry-item-with-image av-grid-img' title=\"Can see the Chateau Frontenac with snow in a misty morning\"   itemscope=\"itemscope\" itemtype=\"https:\/\/schema.org\/CreativeWork\" ><div class='av-inner-masonry-sizer'><\/div><figure class='av-inner-masonry main_color'><div class=\"av-masonry-outerimage-container\"><div class='av-masonry-image-container' style=\"background-image: url(https:\/\/www.arbres-damours-et-dalchimie.fr\/wp-content\/uploads\/2026\/02\/Village-408x400.jpg);\"  title=\"Can see the Chateau Frontenac with snow in a misty morning\" ><\/div><\/div><figcaption class='av-inner-masonry-content site-background'><div class='av-inner-masonry-content-pos'><div class='av-inner-masonry-content-pos-content'><div class='avia-arrow'><\/div><h3 class='av-masonry-entry-title entry-title '  itemprop=\"headline\" >Greetings from my snowy and sunny village!<\/h3><div class='av-masonry-entry-content entry-content'  itemprop=\"text\" >Join our Symposium workshop to explore well-being through space, possessions, and the power of words. English-speaking participants welcome; translation provided.<\/div><span class='av-masonry-date meta-color updated'>1 February 2026<\/span><span class=\"av-masonry-text-sep text-sep-author\">\/<\/span><span class='av-masonry-author meta-color author'><span class='fn'>by dominique-mathey<\/span><\/span><\/div><\/div><\/figcaption><\/figure><\/a><!--end av-masonry entry--><a href=\"https:\/\/www.arbres-damours-et-dalchimie.fr\/en\/family-memories-exploring-the-unconscious-with-the-larbre-au-soleil-game\/\"  id='av-masonry-1-item-1303' data-av-masonry-item='1303' class='av-masonry-entry isotope-item post-1303 post type-post status-publish format-standard has-post-thumbnail hentry category-workshop tag-workshops  av-masonry-item-with-image av-grid-img' title=\"Quentin et Ana\u00efs\"   itemscope=\"itemscope\" itemtype=\"https:\/\/schema.org\/CreativeWork\" ><div class='av-inner-masonry-sizer'><\/div><figure class='av-inner-masonry main_color'><div class=\"av-masonry-outerimage-container\"><div class='av-masonry-image-container' style=\"background-image: url(https:\/\/www.arbres-damours-et-dalchimie.fr\/wp-content\/uploads\/2025\/11\/Quentin-et-Anais-495x400.jpg);\"  title=\"Quentin et Ana\u00efs\" ><\/div><\/div><figcaption class='av-inner-masonry-content site-background'><div class='av-inner-masonry-content-pos'><div class='av-inner-masonry-content-pos-content'><div class='avia-arrow'><\/div><h3 class='av-masonry-entry-title entry-title '  itemprop=\"headline\" >Family memories: exploring the unconscious with the L&#8217;Arbre au Soleil game<\/h3><div class='av-masonry-entry-content entry-content'  itemprop=\"text\" >Discover the Family Memories workshop at the International Psychogenealogy Symposium. A symbolic and transgenerational exploration with the therapeutic game L'Arbre au Soleil.<\/div><span class='av-masonry-date meta-color updated'>19 January 2026<\/span><span class=\"av-masonry-text-sep text-sep-author\">\/<\/span><span class='av-masonry-author meta-color author'><span class='fn'>by dominique-mathey<\/span><\/span><\/div><\/div><\/figcaption><\/figure><\/a><!--end av-masonry entry--><a href=\"https:\/\/www.arbres-damours-et-dalchimie.fr\/en\/meet-noelle-lamy-delving-into-family-history-to-liberate-the-present\/\"  id='av-masonry-1-item-484' data-av-masonry-item='484' class='av-masonry-entry isotope-item post-484 post type-post status-publish format-standard has-post-thumbnail hentry category-uncategorized  av-masonry-item-with-image av-grid-img' title=\"Noelle-Lamy\"   itemscope=\"itemscope\" itemtype=\"https:\/\/schema.org\/CreativeWork\" ><div class='av-inner-masonry-sizer'><\/div><figure class='av-inner-masonry main_color'><div class=\"av-masonry-outerimage-container\"><div class='av-masonry-image-container' style=\"background-image: url(https:\/\/www.arbres-damours-et-dalchimie.fr\/wp-content\/uploads\/2025\/06\/Noelle-Lamy.jpg);\"  title=\"Noelle-Lamy\" ><\/div><\/div><figcaption class='av-inner-masonry-content site-background'><div class='av-inner-masonry-content-pos'><div class='av-inner-masonry-content-pos-content'><div class='avia-arrow'><\/div><h3 class='av-masonry-entry-title entry-title '  itemprop=\"headline\" >Meet No\u00eblle Lamy: delving into family history to liberate the present<\/h3><div class='av-masonry-entry-content entry-content'  itemprop=\"text\" >Who is No\u00eblle Lamy?<br \/>\nBased in Lyon, No\u00eblle Lamy combines her\u2026<\/div><span class='av-masonry-date meta-color updated'>5 August 2025<\/span><span class=\"av-masonry-text-sep text-sep-author\">\/<\/span><span class='av-masonry-author meta-color author'><span class='fn'>by lisiere-du-web<\/span><\/span><\/div><\/div><\/figcaption><\/figure><\/a><!--end av-masonry entry--><a href=\"https:\/\/www.arbres-damours-et-dalchimie.fr\/en\/understand-why-family-secrets-produce-disease\/\"  id='av-masonry-1-item-310' data-av-masonry-item='310' class='av-masonry-entry isotope-item post-310 post type-post status-publish format-standard has-post-thumbnail hentry category-uncategorized  av-masonry-item-with-image av-grid-img' title=\"alejandro\"   itemscope=\"itemscope\" itemtype=\"https:\/\/schema.org\/CreativeWork\" ><div class='av-inner-masonry-sizer'><\/div><figure class='av-inner-masonry main_color'><div class=\"av-masonry-outerimage-container\"><div class='av-masonry-image-container' style=\"background-image: url(https:\/\/www.arbres-damours-et-dalchimie.fr\/wp-content\/uploads\/2025\/06\/alejandro-495x400.jpg);\"  title=\"alejandro\" ><\/div><\/div><figcaption class='av-inner-masonry-content site-background'><div class='av-inner-masonry-content-pos'><div class='av-inner-masonry-content-pos-content'><div class='avia-arrow'><\/div><h3 class='av-masonry-entry-title entry-title '  itemprop=\"headline\" >UNDERSTAND WHY \u2018FAMILY SECRETS\u2019 PRODUCE DISEASE<\/h3><div class='av-masonry-entry-content entry-content'  itemprop=\"text\" >Alejandro Jodorowsky<br \/>\r\nHe says that a \u2018healthy tree\u2019 is one\u2026<\/div><span class='av-masonry-date meta-color updated'>23 June 2025<\/span><span class=\"av-masonry-text-sep text-sep-author\">\/<\/span><span class='av-masonry-author meta-color author'><span class='fn'>by lisiere-du-web<\/span><\/span><\/div><\/div><\/figcaption><\/figure><\/a><!--end av-masonry entry--><\/div><\/div><\/div><\/div><!--close column table wrapper. Autoclose: 1 -->\n","protected":false},"excerpt":{"rendered":"","protected":false},"author":1,"featured_media":0,"parent":0,"menu_order":0,"comment_status":"closed","ping_status":"closed","template":"","meta":{"footnotes":""},"class_list":["post-295","page","type-page","status-publish","hentry"],"_links":{"self":[{"href":"https:\/\/www.arbres-damours-et-dalchimie.fr\/en\/wp-json\/wp\/v2\/pages\/295","targetHints":{"allow":["GET"]}}],"collection":[{"href":"https:\/\/www.arbres-damours-et-dalchimie.fr\/en\/wp-json\/wp\/v2\/pages"}],"about":[{"href":"https:\/\/www.arbres-damours-et-dalchimie.fr\/en\/wp-json\/wp\/v2\/types\/page"}],"author":[{"embeddable":true,"href":"https:\/\/www.arbres-damours-et-dalchimie.fr\/en\/wp-json\/wp\/v2\/users\/1"}],"replies":[{"embeddable":true,"href":"https:\/\/www.arbres-damours-et-dalchimie.fr\/en\/wp-json\/wp\/v2\/comments?post=295"}],"version-history":[{"count":2,"href":"https:\/\/www.arbres-damours-et-dalchimie.fr\/en\/wp-json\/wp\/v2\/pages\/295\/revisions"}],"predecessor-version":[{"id":297,"href":"https:\/\/www.arbres-damours-et-dalchimie.fr\/en\/wp-json\/wp\/v2\/pages\/295\/revisions\/297"}],"wp:attachment":[{"href":"https:\/\/www.arbres-damours-et-dalchimie.fr\/en\/wp-json\/wp\/v2\/media?parent=295"}],"curies":[{"name":"wp","href":"https:\/\/api.w.org\/{rel}","templated":true}]}}