{"id":289,"date":"2025-06-12T10:46:56","date_gmt":"2025-06-12T08:46:56","guid":{"rendered":"https:\/\/www.arbres-damours-et-dalchimie.fr\/home-about-us\/"},"modified":"2026-02-24T11:08:00","modified_gmt":"2026-02-24T10:08:00","slug":"home-about-us","status":"publish","type":"page","link":"https:\/\/www.arbres-damours-et-dalchimie.fr\/en\/","title":{"rendered":"Home &#8211; About us"},"content":{"rendered":"\n<style type=\"text\/css\" data-created_by=\"avia_inline_auto\" id=\"style-css-av-59dal-6d9369d33dae625a693912fbcf35b1fc\">\n.avia-section.av-59dal-6d9369d33dae625a693912fbcf35b1fc{\nbackground-repeat:no-repeat;\nbackground-image:url(https:\/\/www.arbres-damours-et-dalchimie.fr\/wp-content\/uploads\/2025\/06\/cherry-blossom-tree-1225186_1920.jpg);\nbackground-position:50% 50%;\nbackground-attachment:scroll;\n}\n<\/style>\n<div id='av_section_1'  class='avia-section av-59dal-6d9369d33dae625a693912fbcf35b1fc main_color avia-section-default avia-no-border-styling  avia-builder-el-0  avia-builder-el-no-sibling  avia-full-stretch avia-bg-style-scroll av-minimum-height av-minimum-height-100 av-height-100  container_wrap fullsize'  data-section-bg-repeat='stretch' data-av_minimum_height_pc='100' data-av_min_height_opt='100'><div class='container av-section-cont-open' ><main  role=\"main\" itemprop=\"mainContentOfPage\"  class='template-page content  av-content-full alpha units'><div class='post-entry post-entry-type-page post-entry-289'><div class='entry-content-wrapper clearfix'>\n\n<style type=\"text\/css\" data-created_by=\"avia_inline_auto\" id=\"style-css-av-3wvuh-f6b76fcb7f99287c3f731971cc83dedf\">\n.flex_column.av-3wvuh-f6b76fcb7f99287c3f731971cc83dedf{\npadding:15px 15px 15px 15px;\nbackground-color:#9d3033;\nbackground:linear-gradient( to right, #9d3033, #f87273, rgba(248,114,115,0.01) );\n}\n<\/style>\n<div  class='flex_column av-3wvuh-f6b76fcb7f99287c3f731971cc83dedf av_one_full  avia-builder-el-1  el_before_av_notification  avia-builder-el-first  first flex_column_div  '     ><style type=\"text\/css\" data-created_by=\"avia_inline_auto\" id=\"style-css-av-mc97e856-527bfa3bf03b68f8613b1d3516fdb395\">\n#top .av-special-heading.av-mc97e856-527bfa3bf03b68f8613b1d3516fdb395{\npadding-bottom:0;\ncolor:#ffffff;\nfont-size:30px;\n}\nbody .av-special-heading.av-mc97e856-527bfa3bf03b68f8613b1d3516fdb395 .av-special-heading-tag .heading-char{\nfont-size:25px;\n}\n#top #wrap_all .av-special-heading.av-mc97e856-527bfa3bf03b68f8613b1d3516fdb395 .av-special-heading-tag{\nfont-size:30px;\n}\n.av-special-heading.av-mc97e856-527bfa3bf03b68f8613b1d3516fdb395 .special-heading-inner-border{\nborder-color:#ffffff;\n}\n.av-special-heading.av-mc97e856-527bfa3bf03b68f8613b1d3516fdb395 .av-subheading{\nfont-size:30px;\n}\n\n@media only screen and (min-width: 480px) and (max-width: 767px){ \n#top #wrap_all .av-special-heading.av-mc97e856-527bfa3bf03b68f8613b1d3516fdb395 .av-special-heading-tag{\nfont-size:0.8em;\n}\n}\n\n@media only screen and (max-width: 479px){ \n#top #wrap_all .av-special-heading.av-mc97e856-527bfa3bf03b68f8613b1d3516fdb395 .av-special-heading-tag{\nfont-size:0.8em;\n}\n}\n<\/style>\n<div  class='av-special-heading av-mc97e856-527bfa3bf03b68f8613b1d3516fdb395 av-special-heading-h1 custom-color-heading blockquote modern-quote  avia-builder-el-2  avia-builder-el-no-sibling  av-inherit-size'><h1 class='av-special-heading-tag '  itemprop=\"headline\"  >INTERNATIONAL SYMPOSIUM ON PSYCHOGENEALOGY<\/h1><div class='av_custom_color av-subheading av-subheading_below'><p>March 20, 21 and 22, 2026 &#8211; at Espace de l&#8217;Ouest Lyonnais &#8211; 6 Rue Nicolas Sicard 69005 Lyon<br \/>\nTheme: &#8220;Silence &#8211; The secret&#8221;.<\/p>\n<\/div><div class=\"special-heading-border\"><div class=\"special-heading-inner-border\"><\/div><\/div><\/div><\/div><div id='avia-messagebox-' class='avia_message_box av_notification av-mfl46rlu-e7caece8eec0e441bf8f6139ba45f401 avia-color-red avia-size-large avia-icon_select-yes avia-border-  avia-builder-el-3  el_after_av_one_full  el_before_av_hr ' ><div class=\"avia_message_box_content\"><span class='avia_message_box_icon' aria-hidden='true' data-av_icon='\ue806' data-av_iconfont='entypo-fontello'><\/span><p>Welcome to the world of Arbres d&#8217;Amours et d&#8217;Alchimie, a place of guidance, discovery and healing of the deep bonds that unite us.<\/p>\n<\/div><\/div>\n\n<style type=\"text\/css\" data-created_by=\"avia_inline_auto\" id=\"style-css-av-mc97skg5-b49e8310f1ee034d7e016dd113cf1904\">\n#top .hr.hr-invisible.av-mc97skg5-b49e8310f1ee034d7e016dd113cf1904{\nheight:20px;\n}\n<\/style>\n<div  class='hr av-mc97skg5-b49e8310f1ee034d7e016dd113cf1904 hr-invisible  avia-builder-el-4  el_after_av_notification  el_before_av_one_fifth '><span class='hr-inner '><span class=\"hr-inner-style\"><\/span><\/span><\/div>\n<div  class='flex_column av-2d279-a47fdedb6500cf1b8cdc40adb8468393 av_one_fifth  avia-builder-el-5  el_after_av_hr  el_before_av_three_fifth  first flex_column_div  '     ><\/div>\n<style type=\"text\/css\" data-created_by=\"avia_inline_auto\" id=\"style-css-av-1cer9-f65c2700809a7ca9433bef8ce9387d8b\">\n.flex_column.av-1cer9-f65c2700809a7ca9433bef8ce9387d8b{\nborder-width:1px;\nborder-color:#ffffff;\nborder-style:solid;\nborder-radius:10px 10px 10px 10px;\npadding:15px 15px 15px 15px;\nbackground-color:rgba(255,255,255,0.9);\n}\n<\/style>\n<div  class='flex_column av-1cer9-f65c2700809a7ca9433bef8ce9387d8b av_three_fifth  avia-builder-el-6  el_after_av_one_fifth  el_before_av_one_fifth  flex_column_div  '     ><p>\n<style type=\"text\/css\" data-created_by=\"avia_inline_auto\" id=\"style-css-av-mc97onzk-400f68e02d902bf0bb38f9e401aff5bb\">\n.avia-image-container.av-mc97onzk-400f68e02d902bf0bb38f9e401aff5bb img.avia_image{\nbox-shadow:none;\n}\n.avia-image-container.av-mc97onzk-400f68e02d902bf0bb38f9e401aff5bb .av-image-caption-overlay-center{\ncolor:#ffffff;\n}\n<\/style>\n<div  class='avia-image-container av-mc97onzk-400f68e02d902bf0bb38f9e401aff5bb av-styling- avia-align-center  avia-builder-el-7  el_before_av_textblock  avia-builder-el-first '   itemprop=\"image\" itemscope=\"itemscope\" itemtype=\"https:\/\/schema.org\/ImageObject\" ><div class=\"avia-image-container-inner\"><div class=\"avia-image-overlay-wrap\"><img decoding=\"async\" fetchpriority=\"high\" class='wp-image-1066 avia-img-lazy-loading-not-1066 avia_image ' src=\"https:\/\/www.arbres-damours-et-dalchimie.fr\/wp-content\/uploads\/2025\/11\/SIP_LOGO_2026_BB-copie-2-300x300.png\" alt='' title='SIP_LOGO_2026_B&amp;B - copie 2'  height=\"300\" width=\"300\"  itemprop=\"thumbnailUrl\" srcset=\"https:\/\/www.arbres-damours-et-dalchimie.fr\/wp-content\/uploads\/2025\/11\/SIP_LOGO_2026_BB-copie-2-300x300.png 300w, https:\/\/www.arbres-damours-et-dalchimie.fr\/wp-content\/uploads\/2025\/11\/SIP_LOGO_2026_BB-copie-2-80x80.png 80w, https:\/\/www.arbres-damours-et-dalchimie.fr\/wp-content\/uploads\/2025\/11\/SIP_LOGO_2026_BB-copie-2-36x36.png 36w, https:\/\/www.arbres-damours-et-dalchimie.fr\/wp-content\/uploads\/2025\/11\/SIP_LOGO_2026_BB-copie-2-180x180.png 180w, https:\/\/www.arbres-damours-et-dalchimie.fr\/wp-content\/uploads\/2025\/11\/SIP_LOGO_2026_BB-copie-2.png 480w\" sizes=\"(max-width: 300px) 100vw, 300px\" \/><\/div><\/div><\/div><br \/>\n<section  class='av_textblock_section av-mc97f84c-170de2dc59ef7f1a0b1bb5ccfc4876cd '   itemscope=\"itemscope\" itemtype=\"https:\/\/schema.org\/CreativeWork\" ><div class='avia_textblock'  itemprop=\"text\" ><p style=\"text-align: center;\"><strong>The aim of these annual meetings is to promote and support the \u2018psychogenealogy\u2019 approach and to back it up with the in-depth analysis offered by transgenerational analysis. The aim is to bring together those involved in these powerful disciplines in a forum for reflection and creation.<\/strong><\/p>\n<\/div><\/section><br \/>\n<section  class='av_textblock_section av-mc97g35k-f6765b3c3dbe0c8539f81d4a00aa8d42 '   itemscope=\"itemscope\" itemtype=\"https:\/\/schema.org\/CreativeWork\" ><div class='avia_textblock'  itemprop=\"text\" ><p style=\"text-align: center;\">From psychogenealogy to transgenerational analysis.<\/p>\n<p style=\"text-align: center;\">From discovering your family history using the psychogenealogical technique.<\/p>\n<p style=\"text-align: center;\">To understanding the workings of the family unconscious through transgenerational analysis.<\/p>\n<\/div><\/section><\/p><\/div><div  class='flex_column av-13lpd-5c156238c2f0ab70ed4b3adce841d9c1 av_one_fifth  avia-builder-el-10  el_after_av_three_fifth  el_before_av_one_half  flex_column_div  '     ><\/div><div class='flex_column_table av-2qzfp-8d9b4f4dd886f4825f28bd15d7508579 sc-av_one_half av-equal-height-column-flextable'>\n<style type=\"text\/css\" data-created_by=\"avia_inline_auto\" id=\"style-css-av-2qzfp-8d9b4f4dd886f4825f28bd15d7508579\">\n.flex_column.av-2qzfp-8d9b4f4dd886f4825f28bd15d7508579{\nborder-width:1px;\nborder-color:#ffffff;\nborder-style:solid;\nborder-radius:10px 10px 10px 10px;\npadding:15px 15px 15px 15px;\nbackground-color:rgba(255,255,255,0.9);\n}\n<\/style>\n<div  class='flex_column av-2qzfp-8d9b4f4dd886f4825f28bd15d7508579 av_one_half  avia-builder-el-11  el_after_av_one_fifth  el_before_av_one_half  first flex_column_table_cell av-equal-height-column av-align-top  column-top-margin'     ><section  class='av_textblock_section av-6olh-c06faedc43953ec29fc60908b90ab548 '   itemscope=\"itemscope\" itemtype=\"https:\/\/schema.org\/CreativeWork\" ><div class='avia_textblock'  itemprop=\"text\" ><h3 class=\"text-align-left m-size-19 size-24\"><span class=\"font-size-24 m-font-size-19\">Arbres d&#8217;amours et d&#8217;alchimie &#8211; Association under the law of 1901<\/span><\/h3>\n<p>The first International Psychogenealogy Symposium was initiated by Monica Justino in Brazil in 2023.<\/p>\n<p>No\u00eblle Lamy and Dominique Mathey took up the challenge in 2024 and organised in Lyon the second edition of what seems to be becoming a regular occurrence.<\/p>\n<p>In 2024, Bruno Clavier, Jean Philippe Brebion, Pierre Ramaut, Barbara Mourin, Monica Justino, Marie No\u00eblle Maston, Danielle Flaumembaum, No\u00eblle Lamy, Paola Del Castillo, Elisabeth Horowitz, Eduard and Judith van Den Borgaert, Ana\u00efs Aliagas, Quentin Favier . . . . met at the Espace Ouest Lyonnais on the theme of childhood, exchanging and presenting their practices to over 300 participants.<\/p>\n<p>In March 2025, back in Brazil, we worked on the words of love, or of lovelessness in words and music, sharing Brazilian and French speakers.<\/p>\n<p>2026, we&#8217;re expecting many of you, and we&#8217;ll be delighted to welcome Boris Cyrulnick, Serge Tisseron, Stephan Schillinger, and other talented speakers, in addition to our usual headliners&#8230;<\/p>\n<\/div><\/section><\/div><div class='av-flex-placeholder'><\/div>\n<style type=\"text\/css\" data-created_by=\"avia_inline_auto\" id=\"style-css-av-1c8w5-07793d39262bdb67121da372f38f2ca5\">\n.flex_column.av-1c8w5-07793d39262bdb67121da372f38f2ca5{\nborder-width:1px;\nborder-color:#ffffff;\nborder-style:solid;\nborder-radius:10px 10px 10px 10px;\npadding:15px 15px 15px 15px;\nbackground-color:rgba(255,255,255,0.9);\n}\n<\/style>\n<div  class='flex_column av-1c8w5-07793d39262bdb67121da372f38f2ca5 av_one_half  avia-builder-el-13  el_after_av_one_half  avia-builder-el-last  flex_column_table_cell av-equal-height-column av-align-top  column-top-margin'     ><section  class='av_textblock_section av-12c6h-3cd5d5b4cfdaf903772e20faaea7362d '   itemscope=\"itemscope\" itemtype=\"https:\/\/schema.org\/CreativeWork\" ><div class='avia_textblock'  itemprop=\"text\" ><h3>Our founding values<\/h3>\n<p>&#8220;The past has time; it waits patiently at the crossroads of the future&#8221; <em>Mohamed Mbougar Sarr<\/em><\/p>\n<p>What began as a project to \u2019understand and disseminate the unconscious dimension of our lives shared with our ancestors&#8221; has enabled us, therapists, partners, speakers and authors, to come together around the founding values of commitment, respect, dissemination, communication, transmission and research.<\/p>\n<p>The desire to move society forward and provide lasting, structuring solutions is a powerful driving force that mobilizes us and sets us in motion. Acting in the general interest means taking up and adapting to the changes of our times. It also means developing projects to compare our views and support change.<\/p>\n<p>Offering today&#8217;s men and women the opportunity to understand their origins and to proudly bear witness to their uniqueness and singularity, so that more and more peace can be found in our family histories and in the hearts of all.<\/p>\n<\/div><\/section><\/div><\/div><!--close column table wrapper. Autoclose: 1 -->\n","protected":false},"excerpt":{"rendered":"","protected":false},"author":1,"featured_media":0,"parent":0,"menu_order":0,"comment_status":"closed","ping_status":"closed","template":"","meta":{"footnotes":""},"class_list":["post-289","page","type-page","status-publish","hentry"],"_links":{"self":[{"href":"https:\/\/www.arbres-damours-et-dalchimie.fr\/en\/wp-json\/wp\/v2\/pages\/289","targetHints":{"allow":["GET"]}}],"collection":[{"href":"https:\/\/www.arbres-damours-et-dalchimie.fr\/en\/wp-json\/wp\/v2\/pages"}],"about":[{"href":"https:\/\/www.arbres-damours-et-dalchimie.fr\/en\/wp-json\/wp\/v2\/types\/page"}],"author":[{"embeddable":true,"href":"https:\/\/www.arbres-damours-et-dalchimie.fr\/en\/wp-json\/wp\/v2\/users\/1"}],"replies":[{"embeddable":true,"href":"https:\/\/www.arbres-damours-et-dalchimie.fr\/en\/wp-json\/wp\/v2\/comments?post=289"}],"version-history":[{"count":9,"href":"https:\/\/www.arbres-damours-et-dalchimie.fr\/en\/wp-json\/wp\/v2\/pages\/289\/revisions"}],"predecessor-version":[{"id":1390,"href":"https:\/\/www.arbres-damours-et-dalchimie.fr\/en\/wp-json\/wp\/v2\/pages\/289\/revisions\/1390"}],"wp:attachment":[{"href":"https:\/\/www.arbres-damours-et-dalchimie.fr\/en\/wp-json\/wp\/v2\/media?parent=289"}],"curies":[{"name":"wp","href":"https:\/\/api.w.org\/{rel}","templated":true}]}}